{"id":620,"date":"2024-04-15T18:42:55","date_gmt":"2024-04-15T18:42:55","guid":{"rendered":"http:\/\/curielvision.todigital.io\/?page_id=620"},"modified":"2026-03-31T00:36:15","modified_gmt":"2026-03-31T00:36:15","slug":"cirugia-de-cataratas-facoemulsificacion","status":"publish","type":"page","link":"https:\/\/curielvision.com\/en\/procedimientos\/cirugia-de-cataratas-facoemulsificacion\/","title":{"rendered":"Cataract Surgery (Phacoemulsification)"},"content":{"rendered":"<p>[et_pb_section fb_built=&#8221;1&#8243; _builder_version=&#8221;4.24.2&#8243; _module_preset=&#8221;default&#8221; width=&#8221;100%&#8221; module_alignment=&#8221;center&#8221; custom_margin=&#8221;0px||0px||false|false&#8221; custom_margin_tablet=&#8221;0px||0px||false|false&#8221; custom_margin_phone=&#8221;0px||0px||false|false&#8221; custom_margin_last_edited=&#8221;on|phone&#8221; custom_padding=&#8221;0px||0px||false|false&#8221; locked=&#8221;off&#8221; global_colors_info=&#8221;{}&#8221;][et_pb_row column_structure=&#8221;1_2,1_2&#8243; use_custom_gutter=&#8221;on&#8221; gutter_width=&#8221;1&#8243; make_equal=&#8221;on&#8221; custom_padding_last_edited=&#8221;on|phone&#8221; _builder_version=&#8221;4.24.2&#8243; _module_preset=&#8221;default&#8221; width=&#8221;100%&#8221; width_tablet=&#8221;100%&#8221; width_phone=&#8221;100%&#8221; width_last_edited=&#8221;on|phone&#8221; max_width=&#8221;100%&#8221; module_alignment=&#8221;center&#8221; custom_margin=&#8221;||||false|false&#8221; custom_margin_tablet=&#8221;||||false|false&#8221; custom_margin_phone=&#8221;||||false|false&#8221; custom_margin_last_edited=&#8221;on|phone&#8221; custom_padding=&#8221;0px||0px||false|false&#8221; custom_padding_tablet=&#8221;0px||0px||false|false&#8221; custom_padding_phone=&#8221;0px||0px||false|false&#8221; global_colors_info=&#8221;{}&#8221;][et_pb_column type=&#8221;1_2&#8243; _builder_version=&#8221;4.24.2&#8243; _module_preset=&#8221;default&#8221; background_enable_color=&#8221;off&#8221; custom_padding=&#8221;120px|100px|120px|100px|false|false&#8221; custom_padding_tablet=&#8221;120px|100px|120px|100px|false|false&#8221; custom_padding_phone=&#8221;100px|40px|90px|40px|false|true&#8221; custom_padding_last_edited=&#8221;on|phone&#8221; global_colors_info=&#8221;{}&#8221;][et_pb_text _builder_version=&#8221;4.27.6&#8243; _module_preset=&#8221;default&#8221; text_font=&#8221;Montserrat|800|||||||&#8221; text_text_color=&#8221;#0C71C3&#8243; text_font_size=&#8221;35px&#8221; text_letter_spacing=&#8221;4px&#8221; header_2_font=&#8221;Montserrat|800|||||||&#8221; header_2_text_align=&#8221;left&#8221; header_2_text_color=&#8221;#0c71c3&#8243; header_2_font_size=&#8221;28px&#8221; header_2_letter_spacing=&#8221;1px&#8221; header_2_line_height=&#8221;35px&#8221; text_orientation=&#8221;center&#8221; module_alignment=&#8221;center&#8221; custom_margin=&#8221;||20px||false|false&#8221; custom_margin_tablet=&#8221;||50px||false|false&#8221; custom_margin_phone=&#8221;||20px||false|false&#8221; custom_margin_last_edited=&#8221;on|phone&#8221; hover_enabled=&#8221;0&#8243; text_font_size_tablet=&#8221;40px&#8221; text_font_size_phone=&#8221;28px&#8221; text_font_size_last_edited=&#8221;on|phone&#8221; header_2_font_size_tablet=&#8221;40px&#8221; header_2_font_size_phone=&#8221;30px&#8221; header_2_font_size_last_edited=&#8221;on|phone&#8221; custom_css_free_form=&#8221;selector{||  text-transform:uppercase;||}||||@media screen and (max-width:600px){||  selector span{||    font-size:22px;||    letter-spacing:0px;||  }||}&#8221; global_colors_info=&#8221;{}&#8221; sticky_enabled=&#8221;0&#8243;]<\/p>\n<h2>Cirug\u00eda de catarata con l\u00e1ser de femtosegundo Ziemer Z8 (facoemulsificaci\u00f3n avanzada)<\/h2>\n<p>[\/et_pb_text][et_pb_blurb icon_placement=&#8221;left&#8221; _builder_version=&#8221;4.27.6&#8243; _module_preset=&#8221;default&#8221; body_font=&#8221;Montserrat|300|||||||&#8221; body_text_color=&#8221;#041c2c&#8221; body_font_size=&#8221;18px&#8221; body_line_height=&#8221;30px&#8221; custom_margin=&#8221;||30px|-15px|false|false&#8221; hover_enabled=&#8221;0&#8243; global_colors_info=&#8221;{}&#8221; sticky_enabled=&#8221;0&#8243;]Tratamiento moderno de catarata que combina facoemulsificaci\u00f3n con tecnolog\u00eda de l\u00e1ser de femtosegundo Ziemer Z8, permitiendo incisiones m\u00e1s precisas, menor invasi\u00f3n y mejor calidad visual postoperatoria.[\/et_pb_blurb][et_pb_blurb use_icon=&#8221;on&#8221; font_icon=&#8221;&#xf017;||fa||900&#8243; icon_color=&#8221;#0c71c3&#8243; icon_placement=&#8221;left&#8221; image_icon_width=&#8221;30px&#8221; _builder_version=&#8221;4.24.2&#8243; _module_preset=&#8221;default&#8221; body_font=&#8221;Montserrat|300|||||||&#8221; body_text_color=&#8221;#041c2c&#8221; body_font_size=&#8221;18px&#8221; body_line_height=&#8221;30px&#8221; image_icon_custom_margin=&#8221;|||2px|false|false&#8221; image_icon_custom_padding=&#8221;||||false|false&#8221; custom_margin=&#8221;||30px||false|false&#8221; global_colors_info=&#8221;{}&#8221;]Tiempo de Procedimiento: 15 minutos[\/et_pb_blurb][et_pb_blurb use_icon=&#8221;on&#8221; font_icon=&#8221;&#xf7f2;||fa||900&#8243; icon_color=&#8221;#0c71c3&#8243; icon_placement=&#8221;left&#8221; image_icon_width=&#8221;30px&#8221; _builder_version=&#8221;4.24.2&#8243; _module_preset=&#8221;default&#8221; body_font=&#8221;Montserrat|300|||||||&#8221; body_text_color=&#8221;#041c2c&#8221; body_font_size=&#8221;18px&#8221; body_line_height=&#8221;30px&#8221; image_icon_custom_margin=&#8221;||||false|false&#8221; custom_margin=&#8221;||30px||false|false&#8221; global_colors_info=&#8221;{}&#8221;]Procedimiento ambulatorio.[\/et_pb_blurb][et_pb_blurb use_icon=&#8221;on&#8221; font_icon=&#8221;&#xf48e;||fa||900&#8243; icon_color=&#8221;#0c71c3&#8243; icon_placement=&#8221;left&#8221; image_icon_width=&#8221;30px&#8221; _builder_version=&#8221;4.24.2&#8243; _module_preset=&#8221;default&#8221; body_font=&#8221;Montserrat|300|||||||&#8221; body_text_color=&#8221;#041c2c&#8221; body_font_size=&#8221;18px&#8221; body_line_height=&#8221;30px&#8221; image_icon_custom_margin=&#8221;||||false|false&#8221; custom_margin=&#8221;||30px||false|false&#8221; global_colors_info=&#8221;{}&#8221;]Anestesia Local[\/et_pb_blurb][et_pb_blurb use_icon=&#8221;on&#8221; font_icon=&#8221;&#xf481;||fa||900&#8243; icon_color=&#8221;#0c71c3&#8243; icon_placement=&#8221;left&#8221; image_icon_width=&#8221;30px&#8221; _builder_version=&#8221;4.24.2&#8243; _module_preset=&#8221;default&#8221; body_font=&#8221;Montserrat|300|||||||&#8221; body_text_color=&#8221;#041c2c&#8221; body_font_size=&#8221;18px&#8221; body_line_height=&#8221;30px&#8221; image_icon_custom_margin=&#8221;|||5px|false|false&#8221; custom_margin=&#8221;||35px||false|false&#8221; global_colors_info=&#8221;{}&#8221;]Recuperaci\u00f3n: 2-3 d\u00edas[\/et_pb_blurb][et_pb_blurb use_icon=&#8221;on&#8221; font_icon=&#8221;&#xf3cd;||fa||900&#8243; icon_color=&#8221;#0c71c3&#8243; icon_placement=&#8221;left&#8221; image_icon_width=&#8221;35px&#8221; _builder_version=&#8221;4.24.2&#8243; _module_preset=&#8221;default&#8221; body_font=&#8221;Montserrat|300|||||||&#8221; body_text_color=&#8221;#041c2c&#8221; body_font_size=&#8221;18px&#8221; body_line_height=&#8221;30px&#8221; image_icon_custom_margin=&#8221;|||5px|false|false&#8221; custom_margin=&#8221;||35px||false|false&#8221; global_colors_info=&#8221;{}&#8221;]<\/p>\n<p>Seguimiento M\u00e9dico 24\/7<\/p>\n<p>[\/et_pb_blurb][et_pb_blurb use_icon=&#8221;on&#8221; font_icon=&#8221;&#xf059;||fa||900&#8243; icon_color=&#8221;#0c71c3&#8243; icon_placement=&#8221;left&#8221; image_icon_width=&#8221;30px&#8221; _builder_version=&#8221;4.24.2&#8243; _module_preset=&#8221;default&#8221; body_font=&#8221;Montserrat|300|||||||&#8221; body_text_color=&#8221;#041c2c&#8221; body_font_size=&#8221;18px&#8221; body_line_height=&#8221;30px&#8221; image_icon_custom_margin=&#8221;|||2px|false|false&#8221; global_colors_info=&#8221;{}&#8221;]\u00bfCu\u00e1ndo debo operarme?<\/p>\n<ul>\n<li>Si comenzamos a notar una p\u00e9rdida de la agudeza visual.<\/li>\n<\/ul>\n<p>[\/et_pb_blurb][\/et_pb_column][et_pb_column type=&#8221;1_2&#8243; _builder_version=&#8221;4.24.2&#8243; _module_preset=&#8221;default&#8221; background_image=&#8221;https:\/\/curielvision.com\/wp-content\/uploads\/2024\/03\/Cirugia_Cataratas_1-min-scaled.jpg&#8221; background_position=&#8221;center_left&#8221; global_colors_info=&#8221;{}&#8221;][et_pb_divider show_divider=&#8221;off&#8221; disabled_on=&#8221;off|off|off&#8221; _builder_version=&#8221;4.24.2&#8243; _module_preset=&#8221;default&#8221; height=&#8221;535px&#8221; global_colors_info=&#8221;{}&#8221;][\/et_pb_divider][\/et_pb_column][\/et_pb_row][\/et_pb_section][et_pb_section fb_built=&#8221;1&#8243; disabled_on=&#8221;off|off|off&#8221; _builder_version=&#8221;4.24.2&#8243; _module_preset=&#8221;default&#8221; background_color=&#8221;#0c71c3&#8243; custom_padding=&#8221;88px||80px||false|false&#8221; locked=&#8221;off&#8221; global_colors_info=&#8221;{}&#8221;][et_pb_row _builder_version=&#8221;4.24.2&#8243; _module_preset=&#8221;default&#8221; global_colors_info=&#8221;{}&#8221;][et_pb_column type=&#8221;4_4&#8243; _builder_version=&#8221;4.24.2&#8243; _module_preset=&#8221;default&#8221; global_colors_info=&#8221;{}&#8221;][et_pb_video src=&#8221;https:\/\/curielvision.com\/wp-content\/uploads\/2026\/03\/Curiel-Febrero-Z-Faco-V3.mp4&#8243; image_src=&#8221;http:\/\/curielvision.com\/wp-content\/uploads\/2024\/10\/Screen-Shot-2024-10-10-at-15.11.18.png&#8221; _builder_version=&#8221;4.27.6&#8243; _module_preset=&#8221;default&#8221; global_colors_info=&#8221;{}&#8221;][\/et_pb_video][\/et_pb_column][\/et_pb_row][\/et_pb_section]<\/p>\n","protected":false},"excerpt":{"rendered":"<p>Cirug\u00eda de catarata con l\u00e1ser de femtosegundo Ziemer Z8 (facoemulsificaci\u00f3n avanzada)Tratamiento moderno de catarata que combina facoemulsificaci\u00f3n con tecnolog\u00eda de l\u00e1ser de femtosegundo Ziemer Z8, permitiendo incisiones m\u00e1s precisas, menor invasi\u00f3n y mejor calidad visual postoperatoria.Tiempo de Procedimiento: 15 minutosProcedimiento ambulatorio.Anestesia LocalRecuperaci\u00f3n: 2-3 d\u00edasSeguimiento M\u00e9dico 24\/7\u00bfCu\u00e1ndo debo operarme? Si comenzamos a notar una p\u00e9rdida de [&hellip;]<\/p>\n","protected":false},"author":2,"featured_media":0,"parent":291,"menu_order":0,"comment_status":"closed","ping_status":"closed","template":"","meta":{"_et_pb_use_builder":"on","_et_pb_old_content":"<!-- wp:divi\/placeholder \/-->","_et_gb_content_width":"","_monsterinsights_skip_tracking":false,"_monsterinsights_sitenote_active":false,"_monsterinsights_sitenote_note":"","_monsterinsights_sitenote_category":0,"_uf_show_specific_survey":0,"_uf_disable_surveys":false,"footnotes":""},"class_list":["post-620","page","type-page","status-publish","hentry"],"yoast_head":"<!-- This site is optimized with the Yoast SEO plugin v27.5 - https:\/\/yoast.com\/product\/yoast-seo-wordpress\/ -->\n<title>Cirug\u00eda de Cataratas (Facoemulsificaci\u00f3n) - Curiel Vision Center Mexicali<\/title>\n<meta name=\"description\" content=\"La cirug\u00eda de cataratas ayuda a restaurar la visi\u00f3n. Utilizamos tecnolog\u00eda avanzada para garantizar resultados \u00f3ptimos y una recuperaci\u00f3n r\u00e1pida.\" \/>\n<meta name=\"robots\" content=\"index, follow, max-snippet:-1, max-image-preview:large, max-video-preview:-1\" \/>\n<link rel=\"canonical\" href=\"https:\/\/curielvision.com\/en\/procedimientos\/cirugia-de-cataratas-facoemulsificacion\/\" \/>\n<meta property=\"og:locale\" content=\"en_US\" \/>\n<meta property=\"og:type\" content=\"article\" \/>\n<meta property=\"og:title\" content=\"Cirug\u00eda de Cataratas (Facoemulsificaci\u00f3n) - Curiel Vision Center Mexicali\" \/>\n<meta property=\"og:description\" content=\"La cirug\u00eda de cataratas ayuda a restaurar la visi\u00f3n. Utilizamos tecnolog\u00eda avanzada para garantizar resultados \u00f3ptimos y una recuperaci\u00f3n r\u00e1pida.\" \/>\n<meta property=\"og:url\" content=\"https:\/\/curielvision.com\/en\/procedimientos\/cirugia-de-cataratas-facoemulsificacion\/\" \/>\n<meta property=\"og:site_name\" content=\"Curiel Vision\" \/>\n<meta property=\"article:publisher\" content=\"https:\/\/www.facebook.com\/CurielVisionCenter\" \/>\n<meta property=\"article:modified_time\" content=\"2026-03-31T00:36:15+00:00\" \/>\n<meta name=\"twitter:card\" content=\"summary_large_image\" \/>\n<meta name=\"twitter:label1\" content=\"Est. reading time\" \/>\n\t<meta name=\"twitter:data1\" content=\"1 minute\" \/>\n<script type=\"application\/ld+json\" class=\"yoast-schema-graph\">{\"@context\":\"https:\\\/\\\/schema.org\",\"@graph\":[{\"@type\":\"WebPage\",\"@id\":\"https:\\\/\\\/curielvision.com\\\/es\\\/procedimientos\\\/cirugia-de-cataratas-facoemulsificacion\\\/\",\"url\":\"https:\\\/\\\/curielvision.com\\\/es\\\/procedimientos\\\/cirugia-de-cataratas-facoemulsificacion\\\/\",\"name\":\"Cirug\u00eda de Cataratas (Facoemulsificaci\u00f3n) - Curiel Vision Center Mexicali\",\"isPartOf\":{\"@id\":\"https:\\\/\\\/curielvision.com\\\/es\\\/#website\"},\"datePublished\":\"2024-04-15T18:42:55+00:00\",\"dateModified\":\"2026-03-31T00:36:15+00:00\",\"description\":\"La cirug\u00eda de cataratas ayuda a restaurar la visi\u00f3n. Utilizamos tecnolog\u00eda avanzada para garantizar resultados \u00f3ptimos y una recuperaci\u00f3n r\u00e1pida.\",\"breadcrumb\":{\"@id\":\"https:\\\/\\\/curielvision.com\\\/es\\\/procedimientos\\\/cirugia-de-cataratas-facoemulsificacion\\\/#breadcrumb\"},\"inLanguage\":\"en-US\",\"potentialAction\":[{\"@type\":\"ReadAction\",\"target\":[\"https:\\\/\\\/curielvision.com\\\/es\\\/procedimientos\\\/cirugia-de-cataratas-facoemulsificacion\\\/\"]}]},{\"@type\":\"BreadcrumbList\",\"@id\":\"https:\\\/\\\/curielvision.com\\\/es\\\/procedimientos\\\/cirugia-de-cataratas-facoemulsificacion\\\/#breadcrumb\",\"itemListElement\":[{\"@type\":\"ListItem\",\"position\":1,\"name\":\"Home\",\"item\":\"https:\\\/\\\/curielvision.com\\\/es\\\/\"},{\"@type\":\"ListItem\",\"position\":2,\"name\":\"Procedimientos\",\"item\":\"https:\\\/\\\/curielvision.com\\\/es\\\/procedimientos\\\/\"},{\"@type\":\"ListItem\",\"position\":3,\"name\":\"Cirug\u00eda de Catarata (Facoemulsificaci\u00f3n)\"}]},{\"@type\":\"WebSite\",\"@id\":\"https:\\\/\\\/curielvision.com\\\/es\\\/#website\",\"url\":\"https:\\\/\\\/curielvision.com\\\/es\\\/\",\"name\":\"Curiel Vision Center\",\"description\":\"\",\"publisher\":{\"@id\":\"https:\\\/\\\/curielvision.com\\\/es\\\/#organization\"},\"potentialAction\":[{\"@type\":\"SearchAction\",\"target\":{\"@type\":\"EntryPoint\",\"urlTemplate\":\"https:\\\/\\\/curielvision.com\\\/es\\\/?s={search_term_string}\"},\"query-input\":{\"@type\":\"PropertyValueSpecification\",\"valueRequired\":true,\"valueName\":\"search_term_string\"}}],\"inLanguage\":\"en-US\"},{\"@type\":\"Organization\",\"@id\":\"https:\\\/\\\/curielvision.com\\\/es\\\/#organization\",\"name\":\"Curiel Vision Center\",\"url\":\"https:\\\/\\\/curielvision.com\\\/es\\\/\",\"logo\":{\"@type\":\"ImageObject\",\"inLanguage\":\"en-US\",\"@id\":\"https:\\\/\\\/curielvision.com\\\/es\\\/#\\\/schema\\\/logo\\\/image\\\/\",\"url\":\"http:\\\/\\\/3jr.6fa.mytemp.website\\\/wp-content\\\/uploads\\\/2024\\\/06\\\/Curiel_Logo_horizontal.png\",\"contentUrl\":\"http:\\\/\\\/3jr.6fa.mytemp.website\\\/wp-content\\\/uploads\\\/2024\\\/06\\\/Curiel_Logo_horizontal.png\",\"width\":3864,\"height\":1532,\"caption\":\"Curiel Vision Center\"},\"image\":{\"@id\":\"https:\\\/\\\/curielvision.com\\\/es\\\/#\\\/schema\\\/logo\\\/image\\\/\"},\"sameAs\":[\"https:\\\/\\\/www.facebook.com\\\/CurielVisionCenter\"]}]}<\/script>\n<!-- \/ Yoast SEO plugin. -->","yoast_head_json":{"title":"Cirug\u00eda de Cataratas (Facoemulsificaci\u00f3n) - Curiel Vision Center Mexicali","description":"La cirug\u00eda de cataratas ayuda a restaurar la visi\u00f3n. Utilizamos tecnolog\u00eda avanzada para garantizar resultados \u00f3ptimos y una recuperaci\u00f3n r\u00e1pida.","robots":{"index":"index","follow":"follow","max-snippet":"max-snippet:-1","max-image-preview":"max-image-preview:large","max-video-preview":"max-video-preview:-1"},"canonical":"https:\/\/curielvision.com\/en\/procedimientos\/cirugia-de-cataratas-facoemulsificacion\/","og_locale":"en_US","og_type":"article","og_title":"Cirug\u00eda de Cataratas (Facoemulsificaci\u00f3n) - Curiel Vision Center Mexicali","og_description":"La cirug\u00eda de cataratas ayuda a restaurar la visi\u00f3n. Utilizamos tecnolog\u00eda avanzada para garantizar resultados \u00f3ptimos y una recuperaci\u00f3n r\u00e1pida.","og_url":"https:\/\/curielvision.com\/en\/procedimientos\/cirugia-de-cataratas-facoemulsificacion\/","og_site_name":"Curiel Vision","article_publisher":"https:\/\/www.facebook.com\/CurielVisionCenter","article_modified_time":"2026-03-31T00:36:15+00:00","twitter_card":"summary_large_image","twitter_misc":{"Est. reading time":"1 minute"},"schema":{"@context":"https:\/\/schema.org","@graph":[{"@type":"WebPage","@id":"https:\/\/curielvision.com\/es\/procedimientos\/cirugia-de-cataratas-facoemulsificacion\/","url":"https:\/\/curielvision.com\/es\/procedimientos\/cirugia-de-cataratas-facoemulsificacion\/","name":"Cirug\u00eda de Cataratas (Facoemulsificaci\u00f3n) - Curiel Vision Center Mexicali","isPartOf":{"@id":"https:\/\/curielvision.com\/es\/#website"},"datePublished":"2024-04-15T18:42:55+00:00","dateModified":"2026-03-31T00:36:15+00:00","description":"La cirug\u00eda de cataratas ayuda a restaurar la visi\u00f3n. Utilizamos tecnolog\u00eda avanzada para garantizar resultados \u00f3ptimos y una recuperaci\u00f3n r\u00e1pida.","breadcrumb":{"@id":"https:\/\/curielvision.com\/es\/procedimientos\/cirugia-de-cataratas-facoemulsificacion\/#breadcrumb"},"inLanguage":"en-US","potentialAction":[{"@type":"ReadAction","target":["https:\/\/curielvision.com\/es\/procedimientos\/cirugia-de-cataratas-facoemulsificacion\/"]}]},{"@type":"BreadcrumbList","@id":"https:\/\/curielvision.com\/es\/procedimientos\/cirugia-de-cataratas-facoemulsificacion\/#breadcrumb","itemListElement":[{"@type":"ListItem","position":1,"name":"Home","item":"https:\/\/curielvision.com\/es\/"},{"@type":"ListItem","position":2,"name":"Procedimientos","item":"https:\/\/curielvision.com\/es\/procedimientos\/"},{"@type":"ListItem","position":3,"name":"Cirug\u00eda de Catarata (Facoemulsificaci\u00f3n)"}]},{"@type":"WebSite","@id":"https:\/\/curielvision.com\/es\/#website","url":"https:\/\/curielvision.com\/es\/","name":"Curiel Vision Center","description":"","publisher":{"@id":"https:\/\/curielvision.com\/es\/#organization"},"potentialAction":[{"@type":"SearchAction","target":{"@type":"EntryPoint","urlTemplate":"https:\/\/curielvision.com\/es\/?s={search_term_string}"},"query-input":{"@type":"PropertyValueSpecification","valueRequired":true,"valueName":"search_term_string"}}],"inLanguage":"en-US"},{"@type":"Organization","@id":"https:\/\/curielvision.com\/es\/#organization","name":"Curiel Vision Center","url":"https:\/\/curielvision.com\/es\/","logo":{"@type":"ImageObject","inLanguage":"en-US","@id":"https:\/\/curielvision.com\/es\/#\/schema\/logo\/image\/","url":"http:\/\/3jr.6fa.mytemp.website\/wp-content\/uploads\/2024\/06\/Curiel_Logo_horizontal.png","contentUrl":"http:\/\/3jr.6fa.mytemp.website\/wp-content\/uploads\/2024\/06\/Curiel_Logo_horizontal.png","width":3864,"height":1532,"caption":"Curiel Vision Center"},"image":{"@id":"https:\/\/curielvision.com\/es\/#\/schema\/logo\/image\/"},"sameAs":["https:\/\/www.facebook.com\/CurielVisionCenter"]}]}},"_links":{"self":[{"href":"https:\/\/curielvision.com\/en\/wp-json\/wp\/v2\/pages\/620","targetHints":{"allow":["GET"]}}],"collection":[{"href":"https:\/\/curielvision.com\/en\/wp-json\/wp\/v2\/pages"}],"about":[{"href":"https:\/\/curielvision.com\/en\/wp-json\/wp\/v2\/types\/page"}],"author":[{"embeddable":true,"href":"https:\/\/curielvision.com\/en\/wp-json\/wp\/v2\/users\/2"}],"replies":[{"embeddable":true,"href":"https:\/\/curielvision.com\/en\/wp-json\/wp\/v2\/comments?post=620"}],"version-history":[{"count":7,"href":"https:\/\/curielvision.com\/en\/wp-json\/wp\/v2\/pages\/620\/revisions"}],"predecessor-version":[{"id":1551,"href":"https:\/\/curielvision.com\/en\/wp-json\/wp\/v2\/pages\/620\/revisions\/1551"}],"up":[{"embeddable":true,"href":"https:\/\/curielvision.com\/en\/wp-json\/wp\/v2\/pages\/291"}],"wp:attachment":[{"href":"https:\/\/curielvision.com\/en\/wp-json\/wp\/v2\/media?parent=620"}],"curies":[{"name":"wp","href":"https:\/\/api.w.org\/{rel}","templated":true}]}}