{"id":632,"date":"2024-04-15T18:45:41","date_gmt":"2024-04-15T18:45:41","guid":{"rendered":"http:\/\/curielvision.todigital.io\/?page_id=632"},"modified":"2025-09-14T04:07:59","modified_gmt":"2025-09-14T04:07:59","slug":"iridotomia-con-yag-laser","status":"publish","type":"page","link":"https:\/\/curielvision.com\/en\/procedimientos\/iridotomia-con-yag-laser\/","title":{"rendered":"Yag Laser Iridotomy"},"content":{"rendered":"<p>[et_pb_section fb_built=&#8221;1&#8243; _builder_version=&#8221;4.24.2&#8243; _module_preset=&#8221;default&#8221; width=&#8221;100%&#8221; module_alignment=&#8221;center&#8221; custom_margin=&#8221;0px||0px||false|false&#8221; custom_margin_tablet=&#8221;0px||0px||false|false&#8221; custom_margin_phone=&#8221;0px||0px||false|false&#8221; custom_margin_last_edited=&#8221;on|phone&#8221; custom_padding=&#8221;0px||0px||false|false&#8221; locked=&#8221;off&#8221; global_colors_info=&#8221;{}&#8221;][et_pb_row column_structure=&#8221;1_2,1_2&#8243; use_custom_gutter=&#8221;on&#8221; gutter_width=&#8221;1&#8243; make_equal=&#8221;on&#8221; custom_padding_last_edited=&#8221;on|phone&#8221; _builder_version=&#8221;4.24.2&#8243; _module_preset=&#8221;default&#8221; width=&#8221;100%&#8221; width_tablet=&#8221;100%&#8221; width_phone=&#8221;100%&#8221; width_last_edited=&#8221;on|phone&#8221; max_width=&#8221;100%&#8221; module_alignment=&#8221;center&#8221; custom_margin=&#8221;||||false|false&#8221; custom_margin_tablet=&#8221;||||false|false&#8221; custom_margin_phone=&#8221;||||false|false&#8221; custom_margin_last_edited=&#8221;on|phone&#8221; custom_padding=&#8221;0px||0px||false|false&#8221; custom_padding_tablet=&#8221;0px||0px||false|false&#8221; custom_padding_phone=&#8221;0px||0px||false|false&#8221; hover_enabled=&#8221;0&#8243; global_colors_info=&#8221;{}&#8221; sticky_enabled=&#8221;0&#8243;][et_pb_column type=&#8221;1_2&#8243; _builder_version=&#8221;4.24.2&#8243; _module_preset=&#8221;default&#8221; background_enable_color=&#8221;off&#8221; custom_padding=&#8221;120px|100px|120px|100px|false|false&#8221; custom_padding_tablet=&#8221;120px|100px|120px|100px|false|false&#8221; custom_padding_phone=&#8221;100px|40px|90px|40px|false|true&#8221; custom_padding_last_edited=&#8221;on|phone&#8221; global_colors_info=&#8221;{}&#8221;][et_pb_text _builder_version=&#8221;4.24.2&#8243; _module_preset=&#8221;default&#8221; text_font=&#8221;Montserrat|800|||||||&#8221; text_text_color=&#8221;#0C71C3&#8243; text_font_size=&#8221;40px&#8221; text_letter_spacing=&#8221;4px&#8221; header_2_font=&#8221;Montserrat|800|||||||&#8221; header_2_text_align=&#8221;left&#8221; header_2_text_color=&#8221;#0c71c3&#8243; header_2_font_size=&#8221;40px&#8221; header_2_letter_spacing=&#8221;4px&#8221; text_orientation=&#8221;center&#8221; module_alignment=&#8221;center&#8221; custom_margin=&#8221;||20px||false|false&#8221; custom_margin_tablet=&#8221;||50px||false|false&#8221; custom_margin_phone=&#8221;||20px||false|false&#8221; custom_margin_last_edited=&#8221;on|phone&#8221; text_font_size_tablet=&#8221;40px&#8221; text_font_size_phone=&#8221;28px&#8221; text_font_size_last_edited=&#8221;on|phone&#8221; header_2_font_size_tablet=&#8221;40px&#8221; header_2_font_size_phone=&#8221;30px&#8221; header_2_font_size_last_edited=&#8221;on|phone&#8221; custom_css_free_form=&#8221;selector{||  text-transform:uppercase;||}&#8221; global_colors_info=&#8221;{}&#8221;]<\/p>\n<h2>Iridotom\u00eda con Yag L\u00e1ser <\/h2>\n<p>[\/et_pb_text][et_pb_blurb icon_placement=&#8221;left&#8221; _builder_version=&#8221;4.24.2&#8243; _module_preset=&#8221;default&#8221; body_font=&#8221;Montserrat|300|||||||&#8221; body_text_color=&#8221;#041c2c&#8221; body_font_size=&#8221;18px&#8221; body_line_height=&#8221;30px&#8221; custom_margin=&#8221;||30px|-15px|false|false&#8221; global_colors_info=&#8221;{}&#8221;]<\/p>\n<p>Procedimiento quir\u00fargico oftalmol\u00f3gico en el que empleamos un l\u00e1ser llamado YAG, para crear un orificio en el iris lo cual permite que el exceso de l\u00edquido que se encuentra dentro del ojo, pueda circular correctamente y disminuya la presi\u00f3n intraocular que da\u00f1a el nervio \u00f3ptico en pacientes con glaucoma<\/p>\n<p>[\/et_pb_blurb][et_pb_blurb use_icon=&#8221;on&#8221; font_icon=&#8221;&#xf017;||fa||900&#8243; icon_color=&#8221;#0c71c3&#8243; icon_placement=&#8221;left&#8221; image_icon_width=&#8221;30px&#8221; _builder_version=&#8221;4.24.2&#8243; _module_preset=&#8221;default&#8221; body_font=&#8221;Montserrat|300|||||||&#8221; body_text_color=&#8221;#041c2c&#8221; body_font_size=&#8221;18px&#8221; body_line_height=&#8221;30px&#8221; image_icon_custom_margin=&#8221;|||2px|false|false&#8221; image_icon_custom_padding=&#8221;||||false|false&#8221; custom_margin=&#8221;||30px||false|false&#8221; global_colors_info=&#8221;{}&#8221;]<\/p>\n<p>Tiempo de Procedimiento: 10 minutos<\/p>\n<p>[\/et_pb_blurb][et_pb_blurb use_icon=&#8221;on&#8221; font_icon=&#8221;&#xf7f2;||fa||900&#8243; icon_color=&#8221;#0c71c3&#8243; icon_placement=&#8221;left&#8221; image_icon_width=&#8221;30px&#8221; _builder_version=&#8221;4.24.2&#8243; _module_preset=&#8221;default&#8221; body_font=&#8221;Montserrat|300|||||||&#8221; body_text_color=&#8221;#041c2c&#8221; body_font_size=&#8221;18px&#8221; body_line_height=&#8221;30px&#8221; image_icon_custom_margin=&#8221;||||false|false&#8221; custom_margin=&#8221;||30px||false|false&#8221; global_colors_info=&#8221;{}&#8221;]<\/p>\n<p>Procedimiento ambulatorio<\/p>\n<p>[\/et_pb_blurb][et_pb_blurb use_icon=&#8221;on&#8221; font_icon=&#8221;&#xf48e;||fa||900&#8243; icon_color=&#8221;#0c71c3&#8243; icon_placement=&#8221;left&#8221; image_icon_width=&#8221;30px&#8221; _builder_version=&#8221;4.24.2&#8243; _module_preset=&#8221;default&#8221; body_font=&#8221;Montserrat|300|||||||&#8221; body_text_color=&#8221;#041c2c&#8221; body_font_size=&#8221;18px&#8221; body_line_height=&#8221;30px&#8221; image_icon_custom_margin=&#8221;|||5px|false|false&#8221; custom_margin=&#8221;||35px||false|false&#8221; global_colors_info=&#8221;{}&#8221;]Anestesia T\u00f3pica[\/et_pb_blurb][et_pb_blurb use_icon=&#8221;on&#8221; font_icon=&#8221;&#xf481;||fa||900&#8243; icon_color=&#8221;#0c71c3&#8243; icon_placement=&#8221;left&#8221; image_icon_width=&#8221;30px&#8221; _builder_version=&#8221;4.24.2&#8243; _module_preset=&#8221;default&#8221; body_font=&#8221;Montserrat|300|||||||&#8221; body_text_color=&#8221;#041c2c&#8221; body_font_size=&#8221;18px&#8221; body_line_height=&#8221;30px&#8221; image_icon_custom_margin=&#8221;|||5px|false|false&#8221; custom_margin=&#8221;||35px||false|false&#8221; global_colors_info=&#8221;{}&#8221;]Recuperaci\u00f3n: 1-2 d\u00edas[\/et_pb_blurb][et_pb_blurb use_icon=&#8221;on&#8221; font_icon=&#8221;&#xf3cd;||fa||900&#8243; icon_color=&#8221;#0c71c3&#8243; icon_placement=&#8221;left&#8221; image_icon_width=&#8221;35px&#8221; _builder_version=&#8221;4.24.2&#8243; _module_preset=&#8221;default&#8221; body_font=&#8221;Montserrat|300|||||||&#8221; body_text_color=&#8221;#041c2c&#8221; body_font_size=&#8221;18px&#8221; body_line_height=&#8221;30px&#8221; image_icon_custom_margin=&#8221;|||5px|false|false&#8221; custom_margin=&#8221;||35px||false|false&#8221; global_colors_info=&#8221;{}&#8221;]<\/p>\n<p>Seguimiento M\u00e9dico 24\/7<\/p>\n<p>[\/et_pb_blurb][et_pb_blurb use_icon=&#8221;on&#8221; font_icon=&#8221;&#xf059;||fa||900&#8243; icon_color=&#8221;#0c71c3&#8243; icon_placement=&#8221;left&#8221; image_icon_width=&#8221;30px&#8221; _builder_version=&#8221;4.24.2&#8243; _module_preset=&#8221;default&#8221; body_font=&#8221;Montserrat|300|||||||&#8221; body_text_color=&#8221;#041c2c&#8221; body_font_size=&#8221;18px&#8221; body_line_height=&#8221;30px&#8221; image_icon_custom_margin=&#8221;|||2px|false|false&#8221; global_colors_info=&#8221;{}&#8221;]<\/p>\n<p>\u00bfCu\u00e1ndo se realiza?<\/p>\n<ul>\n<li>Casos de glaucoma primario de \u00e1ngulo cerrado<\/li>\n<li>Prevenir o tratar el glaucoma de \u00e1ngulo cerrado cuando el paciente tiene el \u00e1ngulo del drenaje muy estrecho o cuando ha tenido este tipo de glaucoma en el otro ojo<\/li>\n<li>Glaucoma secundario de \u00e1ngulo cerrado con bloqueo pupilar<\/li>\n<\/ul>\n<p>[\/et_pb_blurb][\/et_pb_column][et_pb_column type=&#8221;1_2&#8243; _builder_version=&#8221;4.24.2&#8243; _module_preset=&#8221;default&#8221; background_image=&#8221;https:\/\/curielvision.com\/wp-content\/uploads\/2024\/03\/Iridotomia-con-Yag-Laser-min-2-1-scaled.jpg&#8221; background_position=&#8221;center_right&#8221; background_horizontal_offset=&#8221;34%&#8221; hover_enabled=&#8221;0&#8243; global_colors_info=&#8221;{}&#8221; alt=&#8221;Iridotomi\u0301a con Yag La\u0301ser&#8221; title_text=&#8221;Iridotomi\u0301a con Yag La\u0301ser&#8221; sticky_enabled=&#8221;0&#8243;][et_pb_divider show_divider=&#8221;off&#8221; disabled_on=&#8221;off|off|off&#8221; _builder_version=&#8221;4.24.2&#8243; _module_preset=&#8221;default&#8221; height=&#8221;535px&#8221; global_colors_info=&#8221;{}&#8221;][\/et_pb_divider][\/et_pb_column][\/et_pb_row][\/et_pb_section][et_pb_section fb_built=&#8221;1&#8243; custom_padding_last_edited=&#8221;on|phone&#8221; _builder_version=&#8221;4.24.2&#8243; _module_preset=&#8221;default&#8221; background_color=&#8221;#0c71c3&#8243; custom_padding=&#8221;100px||100px||false|false&#8221; custom_padding_tablet=&#8221;100px||100px||false|false&#8221; custom_padding_phone=&#8221;30px||30px||false|false&#8221; global_colors_info=&#8221;{}&#8221;][et_pb_row _builder_version=&#8221;4.24.2&#8243; _module_preset=&#8221;default&#8221; global_colors_info=&#8221;{}&#8221;][et_pb_column type=&#8221;4_4&#8243; _builder_version=&#8221;4.24.2&#8243; _module_preset=&#8221;default&#8221; global_colors_info=&#8221;{}&#8221;][et_pb_video src=&#8221;https:\/\/curielvision.com\/wp-content\/uploads\/2024\/06\/Iriditomia.mp4&#8243; image_src=&#8221;http:\/\/3jr.6fa.mytemp.website\/wp-content\/uploads\/2024\/06\/Screen-Shot-2024-06-12-at-12.23.35.png&#8221; _builder_version=&#8221;4.24.2&#8243; _module_preset=&#8221;default&#8221; hover_enabled=&#8221;0&#8243; global_colors_info=&#8221;{}&#8221; title_text=&#8221;Iriditomia&#8221; sticky_enabled=&#8221;0&#8243;][\/et_pb_video][\/et_pb_column][\/et_pb_row][\/et_pb_section]<\/p>\n","protected":false},"excerpt":{"rendered":"<p>Iridotom\u00eda con Yag L\u00e1ser Procedimiento quir\u00fargico oftalmol\u00f3gico en el que empleamos un l\u00e1ser llamado YAG, para crear un orificio en el iris lo cual permite que el exceso de l\u00edquido que se encuentra dentro del ojo, pueda circular correctamente y disminuya la presi\u00f3n intraocular que da\u00f1a el nervio \u00f3ptico en pacientes con glaucomaTiempo de Procedimiento: [&hellip;]<\/p>\n","protected":false},"author":2,"featured_media":0,"parent":291,"menu_order":0,"comment_status":"closed","ping_status":"closed","template":"","meta":{"_et_pb_use_builder":"on","_et_pb_old_content":"<!-- wp:divi\/placeholder \/-->","_et_gb_content_width":"","_monsterinsights_skip_tracking":false,"_monsterinsights_sitenote_active":false,"_monsterinsights_sitenote_note":"","_monsterinsights_sitenote_category":0,"_uf_show_specific_survey":0,"_uf_disable_surveys":false,"footnotes":""},"class_list":["post-632","page","type-page","status-publish","hentry"],"yoast_head":"<!-- This site is optimized with the Yoast SEO plugin v27.4 - https:\/\/yoast.com\/product\/yoast-seo-wordpress\/ -->\n<title>Iridotom\u00eda con Yag L\u00e1ser - Curiel Vision<\/title>\n<meta name=\"robots\" content=\"index, follow, max-snippet:-1, max-image-preview:large, max-video-preview:-1\" \/>\n<link rel=\"canonical\" href=\"https:\/\/curielvision.com\/en\/procedimientos\/iridotomia-con-yag-laser\/\" \/>\n<meta property=\"og:locale\" content=\"en_US\" \/>\n<meta property=\"og:type\" content=\"article\" \/>\n<meta property=\"og:title\" content=\"Iridotom\u00eda con Yag L\u00e1ser - Curiel Vision\" \/>\n<meta property=\"og:description\" content=\"Iridotom\u00eda con Yag L\u00e1ser Procedimiento quir\u00fargico oftalmol\u00f3gico en el que empleamos un l\u00e1ser llamado YAG, para crear un orificio en el iris lo cual permite que el exceso de l\u00edquido que se encuentra dentro del ojo, pueda circular correctamente y disminuya la presi\u00f3n intraocular que da\u00f1a el nervio \u00f3ptico en pacientes con glaucomaTiempo de Procedimiento: [&hellip;]\" \/>\n<meta property=\"og:url\" content=\"https:\/\/curielvision.com\/en\/procedimientos\/iridotomia-con-yag-laser\/\" \/>\n<meta property=\"og:site_name\" content=\"Curiel Vision\" \/>\n<meta property=\"article:publisher\" content=\"https:\/\/www.facebook.com\/CurielVisionCenter\" \/>\n<meta property=\"article:modified_time\" content=\"2025-09-14T04:07:59+00:00\" \/>\n<meta name=\"twitter:card\" content=\"summary_large_image\" \/>\n<meta name=\"twitter:label1\" content=\"Est. reading time\" \/>\n\t<meta name=\"twitter:data1\" content=\"5 minutes\" \/>\n<script type=\"application\/ld+json\" class=\"yoast-schema-graph\">{\"@context\":\"https:\\\/\\\/schema.org\",\"@graph\":[{\"@type\":\"WebPage\",\"@id\":\"https:\\\/\\\/curielvision.com\\\/es\\\/procedimientos\\\/iridotomia-con-yag-laser\\\/\",\"url\":\"https:\\\/\\\/curielvision.com\\\/es\\\/procedimientos\\\/iridotomia-con-yag-laser\\\/\",\"name\":\"Iridotom\u00eda con Yag L\u00e1ser - Curiel Vision\",\"isPartOf\":{\"@id\":\"https:\\\/\\\/curielvision.com\\\/es\\\/#website\"},\"datePublished\":\"2024-04-15T18:45:41+00:00\",\"dateModified\":\"2025-09-14T04:07:59+00:00\",\"breadcrumb\":{\"@id\":\"https:\\\/\\\/curielvision.com\\\/es\\\/procedimientos\\\/iridotomia-con-yag-laser\\\/#breadcrumb\"},\"inLanguage\":\"en-US\",\"potentialAction\":[{\"@type\":\"ReadAction\",\"target\":[\"https:\\\/\\\/curielvision.com\\\/es\\\/procedimientos\\\/iridotomia-con-yag-laser\\\/\"]}]},{\"@type\":\"BreadcrumbList\",\"@id\":\"https:\\\/\\\/curielvision.com\\\/es\\\/procedimientos\\\/iridotomia-con-yag-laser\\\/#breadcrumb\",\"itemListElement\":[{\"@type\":\"ListItem\",\"position\":1,\"name\":\"Home\",\"item\":\"https:\\\/\\\/curielvision.com\\\/es\\\/\"},{\"@type\":\"ListItem\",\"position\":2,\"name\":\"Procedimientos\",\"item\":\"https:\\\/\\\/curielvision.com\\\/es\\\/procedimientos\\\/\"},{\"@type\":\"ListItem\",\"position\":3,\"name\":\"Iridotom\u00eda con Yag L\u00e1ser\"}]},{\"@type\":\"WebSite\",\"@id\":\"https:\\\/\\\/curielvision.com\\\/es\\\/#website\",\"url\":\"https:\\\/\\\/curielvision.com\\\/es\\\/\",\"name\":\"Curiel Vision Center\",\"description\":\"\",\"publisher\":{\"@id\":\"https:\\\/\\\/curielvision.com\\\/es\\\/#organization\"},\"potentialAction\":[{\"@type\":\"SearchAction\",\"target\":{\"@type\":\"EntryPoint\",\"urlTemplate\":\"https:\\\/\\\/curielvision.com\\\/es\\\/?s={search_term_string}\"},\"query-input\":{\"@type\":\"PropertyValueSpecification\",\"valueRequired\":true,\"valueName\":\"search_term_string\"}}],\"inLanguage\":\"en-US\"},{\"@type\":\"Organization\",\"@id\":\"https:\\\/\\\/curielvision.com\\\/es\\\/#organization\",\"name\":\"Curiel Vision Center\",\"url\":\"https:\\\/\\\/curielvision.com\\\/es\\\/\",\"logo\":{\"@type\":\"ImageObject\",\"inLanguage\":\"en-US\",\"@id\":\"https:\\\/\\\/curielvision.com\\\/es\\\/#\\\/schema\\\/logo\\\/image\\\/\",\"url\":\"http:\\\/\\\/3jr.6fa.mytemp.website\\\/wp-content\\\/uploads\\\/2024\\\/06\\\/Curiel_Logo_horizontal.png\",\"contentUrl\":\"http:\\\/\\\/3jr.6fa.mytemp.website\\\/wp-content\\\/uploads\\\/2024\\\/06\\\/Curiel_Logo_horizontal.png\",\"width\":3864,\"height\":1532,\"caption\":\"Curiel Vision Center\"},\"image\":{\"@id\":\"https:\\\/\\\/curielvision.com\\\/es\\\/#\\\/schema\\\/logo\\\/image\\\/\"},\"sameAs\":[\"https:\\\/\\\/www.facebook.com\\\/CurielVisionCenter\"]}]}<\/script>\n<!-- \/ Yoast SEO plugin. -->","yoast_head_json":{"title":"Iridotom\u00eda con Yag L\u00e1ser - Curiel Vision","robots":{"index":"index","follow":"follow","max-snippet":"max-snippet:-1","max-image-preview":"max-image-preview:large","max-video-preview":"max-video-preview:-1"},"canonical":"https:\/\/curielvision.com\/en\/procedimientos\/iridotomia-con-yag-laser\/","og_locale":"en_US","og_type":"article","og_title":"Iridotom\u00eda con Yag L\u00e1ser - Curiel Vision","og_description":"Iridotom\u00eda con Yag L\u00e1ser Procedimiento quir\u00fargico oftalmol\u00f3gico en el que empleamos un l\u00e1ser llamado YAG, para crear un orificio en el iris lo cual permite que el exceso de l\u00edquido que se encuentra dentro del ojo, pueda circular correctamente y disminuya la presi\u00f3n intraocular que da\u00f1a el nervio \u00f3ptico en pacientes con glaucomaTiempo de Procedimiento: [&hellip;]","og_url":"https:\/\/curielvision.com\/en\/procedimientos\/iridotomia-con-yag-laser\/","og_site_name":"Curiel Vision","article_publisher":"https:\/\/www.facebook.com\/CurielVisionCenter","article_modified_time":"2025-09-14T04:07:59+00:00","twitter_card":"summary_large_image","twitter_misc":{"Est. reading time":"5 minutes"},"schema":{"@context":"https:\/\/schema.org","@graph":[{"@type":"WebPage","@id":"https:\/\/curielvision.com\/es\/procedimientos\/iridotomia-con-yag-laser\/","url":"https:\/\/curielvision.com\/es\/procedimientos\/iridotomia-con-yag-laser\/","name":"Iridotom\u00eda con Yag L\u00e1ser - Curiel Vision","isPartOf":{"@id":"https:\/\/curielvision.com\/es\/#website"},"datePublished":"2024-04-15T18:45:41+00:00","dateModified":"2025-09-14T04:07:59+00:00","breadcrumb":{"@id":"https:\/\/curielvision.com\/es\/procedimientos\/iridotomia-con-yag-laser\/#breadcrumb"},"inLanguage":"en-US","potentialAction":[{"@type":"ReadAction","target":["https:\/\/curielvision.com\/es\/procedimientos\/iridotomia-con-yag-laser\/"]}]},{"@type":"BreadcrumbList","@id":"https:\/\/curielvision.com\/es\/procedimientos\/iridotomia-con-yag-laser\/#breadcrumb","itemListElement":[{"@type":"ListItem","position":1,"name":"Home","item":"https:\/\/curielvision.com\/es\/"},{"@type":"ListItem","position":2,"name":"Procedimientos","item":"https:\/\/curielvision.com\/es\/procedimientos\/"},{"@type":"ListItem","position":3,"name":"Iridotom\u00eda con Yag L\u00e1ser"}]},{"@type":"WebSite","@id":"https:\/\/curielvision.com\/es\/#website","url":"https:\/\/curielvision.com\/es\/","name":"Curiel Vision Center","description":"","publisher":{"@id":"https:\/\/curielvision.com\/es\/#organization"},"potentialAction":[{"@type":"SearchAction","target":{"@type":"EntryPoint","urlTemplate":"https:\/\/curielvision.com\/es\/?s={search_term_string}"},"query-input":{"@type":"PropertyValueSpecification","valueRequired":true,"valueName":"search_term_string"}}],"inLanguage":"en-US"},{"@type":"Organization","@id":"https:\/\/curielvision.com\/es\/#organization","name":"Curiel Vision Center","url":"https:\/\/curielvision.com\/es\/","logo":{"@type":"ImageObject","inLanguage":"en-US","@id":"https:\/\/curielvision.com\/es\/#\/schema\/logo\/image\/","url":"http:\/\/3jr.6fa.mytemp.website\/wp-content\/uploads\/2024\/06\/Curiel_Logo_horizontal.png","contentUrl":"http:\/\/3jr.6fa.mytemp.website\/wp-content\/uploads\/2024\/06\/Curiel_Logo_horizontal.png","width":3864,"height":1532,"caption":"Curiel Vision Center"},"image":{"@id":"https:\/\/curielvision.com\/es\/#\/schema\/logo\/image\/"},"sameAs":["https:\/\/www.facebook.com\/CurielVisionCenter"]}]}},"_links":{"self":[{"href":"https:\/\/curielvision.com\/en\/wp-json\/wp\/v2\/pages\/632","targetHints":{"allow":["GET"]}}],"collection":[{"href":"https:\/\/curielvision.com\/en\/wp-json\/wp\/v2\/pages"}],"about":[{"href":"https:\/\/curielvision.com\/en\/wp-json\/wp\/v2\/types\/page"}],"author":[{"embeddable":true,"href":"https:\/\/curielvision.com\/en\/wp-json\/wp\/v2\/users\/2"}],"replies":[{"embeddable":true,"href":"https:\/\/curielvision.com\/en\/wp-json\/wp\/v2\/comments?post=632"}],"version-history":[{"count":1,"href":"https:\/\/curielvision.com\/en\/wp-json\/wp\/v2\/pages\/632\/revisions"}],"predecessor-version":[{"id":1502,"href":"https:\/\/curielvision.com\/en\/wp-json\/wp\/v2\/pages\/632\/revisions\/1502"}],"up":[{"embeddable":true,"href":"https:\/\/curielvision.com\/en\/wp-json\/wp\/v2\/pages\/291"}],"wp:attachment":[{"href":"https:\/\/curielvision.com\/en\/wp-json\/wp\/v2\/media?parent=632"}],"curies":[{"name":"wp","href":"https:\/\/api.w.org\/{rel}","templated":true}]}}