{"id":626,"date":"2024-04-15T18:44:42","date_gmt":"2024-04-15T18:44:42","guid":{"rendered":"http:\/\/curielvision.todigital.io\/?page_id=626"},"modified":"2025-09-13T18:01:31","modified_gmt":"2025-09-13T18:01:31","slug":"valvula-de-ahmed-para-glaucoma","status":"publish","type":"page","link":"https:\/\/curielvision.com\/es\/procedimientos\/valvula-de-ahmed-para-glaucoma\/","title":{"rendered":"V\u00e1lvula de Ahmed para Glaucoma"},"content":{"rendered":"<p>[et_pb_section fb_built=&#8221;1&#8243; _builder_version=&#8221;4.24.2&#8243; _module_preset=&#8221;default&#8221; width=&#8221;100%&#8221; module_alignment=&#8221;center&#8221; custom_margin=&#8221;0px||0px||false|false&#8221; custom_margin_tablet=&#8221;0px||0px||false|false&#8221; custom_margin_phone=&#8221;0px||0px||false|false&#8221; custom_margin_last_edited=&#8221;on|phone&#8221; custom_padding=&#8221;0px||0px||false|false&#8221; locked=&#8221;off&#8221; global_colors_info=&#8221;{}&#8221;][et_pb_row column_structure=&#8221;1_2,1_2&#8243; use_custom_gutter=&#8221;on&#8221; gutter_width=&#8221;1&#8243; make_equal=&#8221;on&#8221; custom_padding_last_edited=&#8221;on|phone&#8221; _builder_version=&#8221;4.24.2&#8243; _module_preset=&#8221;default&#8221; width=&#8221;100%&#8221; width_tablet=&#8221;100%&#8221; width_phone=&#8221;100%&#8221; width_last_edited=&#8221;on|phone&#8221; max_width=&#8221;100%&#8221; module_alignment=&#8221;center&#8221; custom_margin=&#8221;||||false|false&#8221; custom_margin_tablet=&#8221;||||false|false&#8221; custom_margin_phone=&#8221;||||false|false&#8221; custom_margin_last_edited=&#8221;on|phone&#8221; custom_padding=&#8221;0px||0px||false|false&#8221; custom_padding_tablet=&#8221;0px||0px||false|false&#8221; custom_padding_phone=&#8221;0px||0px||false|false&#8221; hover_enabled=&#8221;0&#8243; global_colors_info=&#8221;{}&#8221; sticky_enabled=&#8221;0&#8243;][et_pb_column type=&#8221;1_2&#8243; _builder_version=&#8221;4.24.2&#8243; _module_preset=&#8221;default&#8221; background_enable_color=&#8221;off&#8221; custom_padding=&#8221;120px|100px|120px|100px|false|false&#8221; custom_padding_tablet=&#8221;120px|100px|120px|100px|false|false&#8221; custom_padding_phone=&#8221;100px|40px|90px|40px|false|true&#8221; custom_padding_last_edited=&#8221;on|phone&#8221; global_colors_info=&#8221;{}&#8221;][et_pb_text _builder_version=&#8221;4.24.2&#8243; _module_preset=&#8221;default&#8221; text_font=&#8221;Montserrat|800|||||||&#8221; text_text_color=&#8221;#0C71C3&#8243; text_font_size=&#8221;40px&#8221; text_letter_spacing=&#8221;4px&#8221; header_2_font=&#8221;Montserrat|800|||||||&#8221; header_2_text_align=&#8221;left&#8221; header_2_text_color=&#8221;#0c71c3&#8243; header_2_font_size=&#8221;40px&#8221; header_2_letter_spacing=&#8221;4px&#8221; text_orientation=&#8221;center&#8221; module_alignment=&#8221;center&#8221; custom_margin=&#8221;||20px||false|false&#8221; custom_margin_tablet=&#8221;||50px||false|false&#8221; custom_margin_phone=&#8221;||20px||false|false&#8221; custom_margin_last_edited=&#8221;on|phone&#8221; text_font_size_tablet=&#8221;40px&#8221; text_font_size_phone=&#8221;28px&#8221; text_font_size_last_edited=&#8221;on|phone&#8221; header_2_font_size_tablet=&#8221;40px&#8221; header_2_font_size_phone=&#8221;30px&#8221; header_2_font_size_last_edited=&#8221;on|phone&#8221; custom_css_free_form=&#8221;selector{||  text-transform:uppercase;||}&#8221; global_colors_info=&#8221;{}&#8221;]<\/p>\n<h2>V\u00e1lvula de Ahmed para Glaucoma<\/h2>\n<p>[\/et_pb_text][et_pb_blurb icon_placement=&#8221;left&#8221; _builder_version=&#8221;4.24.2&#8243; _module_preset=&#8221;default&#8221; body_font=&#8221;Montserrat|300|||||||&#8221; body_text_color=&#8221;#041c2c&#8221; body_font_size=&#8221;18px&#8221; body_line_height=&#8221;30px&#8221; custom_margin=&#8221;||30px|-15px|false|false&#8221; global_colors_info=&#8221;{}&#8221;]<\/p>\n<p>Tratamiento quir\u00fargico para el glaucoma, se coloca una v\u00e1lvula de Ahmed la cual drena adecuadamente el humor acuoso para disminuir la presi\u00f3n del ojo que da\u00f1a el nervio \u00f3ptico<\/p>\n<p>[\/et_pb_blurb][et_pb_blurb use_icon=&#8221;on&#8221; font_icon=&#8221;&#xf017;||fa||900&#8243; icon_color=&#8221;#0c71c3&#8243; icon_placement=&#8221;left&#8221; image_icon_width=&#8221;30px&#8221; _builder_version=&#8221;4.24.2&#8243; _module_preset=&#8221;default&#8221; body_font=&#8221;Montserrat|300|||||||&#8221; body_text_color=&#8221;#041c2c&#8221; body_font_size=&#8221;18px&#8221; body_line_height=&#8221;30px&#8221; image_icon_custom_margin=&#8221;|||2px|false|false&#8221; image_icon_custom_padding=&#8221;||||false|false&#8221; custom_margin=&#8221;||30px||false|false&#8221; global_colors_info=&#8221;{}&#8221;]Tiempo de Procedimiento: 40 minutos[\/et_pb_blurb][et_pb_blurb use_icon=&#8221;on&#8221; font_icon=&#8221;&#xf7f2;||fa||900&#8243; icon_color=&#8221;#0c71c3&#8243; icon_placement=&#8221;left&#8221; image_icon_width=&#8221;30px&#8221; _builder_version=&#8221;4.24.2&#8243; _module_preset=&#8221;default&#8221; body_font=&#8221;Montserrat|300|||||||&#8221; body_text_color=&#8221;#041c2c&#8221; body_font_size=&#8221;18px&#8221; body_line_height=&#8221;30px&#8221; image_icon_custom_margin=&#8221;||||false|false&#8221; custom_margin=&#8221;||30px||false|false&#8221; global_colors_info=&#8221;{}&#8221;]<\/p>\n<p>Procedimiento ambulatorio<\/p>\n<p>[\/et_pb_blurb][et_pb_blurb use_icon=&#8221;on&#8221; font_icon=&#8221;&#xf48e;||fa||900&#8243; icon_color=&#8221;#0c71c3&#8243; icon_placement=&#8221;left&#8221; image_icon_width=&#8221;30px&#8221; _builder_version=&#8221;4.24.2&#8243; _module_preset=&#8221;default&#8221; body_font=&#8221;Montserrat|300|||||||&#8221; body_text_color=&#8221;#041c2c&#8221; body_font_size=&#8221;18px&#8221; body_line_height=&#8221;30px&#8221; image_icon_custom_margin=&#8221;||||false|false&#8221; custom_margin=&#8221;||30px||false|false&#8221; global_colors_info=&#8221;{}&#8221;]Anestesia T\u00f3pica[\/et_pb_blurb][et_pb_blurb use_icon=&#8221;on&#8221; font_icon=&#8221;&#xf481;||fa||900&#8243; icon_color=&#8221;#0c71c3&#8243; icon_placement=&#8221;left&#8221; image_icon_width=&#8221;30px&#8221; _builder_version=&#8221;4.24.2&#8243; _module_preset=&#8221;default&#8221; body_font=&#8221;Montserrat|300|||||||&#8221; body_text_color=&#8221;#041c2c&#8221; body_font_size=&#8221;18px&#8221; body_line_height=&#8221;30px&#8221; image_icon_custom_margin=&#8221;|||5px|false|false&#8221; custom_margin=&#8221;||35px||false|false&#8221; global_colors_info=&#8221;{}&#8221;]Recuperaci\u00f3n: 2-3 d\u00edas[\/et_pb_blurb][et_pb_blurb use_icon=&#8221;on&#8221; font_icon=&#8221;&#xf3cd;||fa||900&#8243; icon_color=&#8221;#0c71c3&#8243; icon_placement=&#8221;left&#8221; image_icon_width=&#8221;35px&#8221; _builder_version=&#8221;4.24.2&#8243; _module_preset=&#8221;default&#8221; body_font=&#8221;Montserrat|300|||||||&#8221; body_text_color=&#8221;#041c2c&#8221; body_font_size=&#8221;18px&#8221; body_line_height=&#8221;30px&#8221; image_icon_custom_margin=&#8221;|||5px|false|false&#8221; custom_margin=&#8221;||35px||false|false&#8221; global_colors_info=&#8221;{}&#8221;]<\/p>\n<p>Seguimiento M\u00e9dico 24\/7<\/p>\n<p>[\/et_pb_blurb][et_pb_blurb use_icon=&#8221;on&#8221; font_icon=&#8221;&#xf059;||fa||900&#8243; icon_color=&#8221;#0c71c3&#8243; icon_placement=&#8221;left&#8221; image_icon_width=&#8221;30px&#8221; _builder_version=&#8221;4.24.2&#8243; _module_preset=&#8221;default&#8221; body_font=&#8221;Montserrat|300|||||||&#8221; body_text_color=&#8221;#041c2c&#8221; body_font_size=&#8221;18px&#8221; body_line_height=&#8221;30px&#8221; image_icon_custom_margin=&#8221;|||2px|false|false&#8221; global_colors_info=&#8221;{}&#8221;]<\/p>\n<p>\u00bfCu\u00e1les son los puntos importantes de este procedimiento?<\/p>\n<ul>\n<li>Pacientes con glaucomas secundarios y glaucomas refractarios a otras cirug\u00edas son candidatos a esta cirug\u00eda<\/li>\n<li>La v\u00e1lvula de Ahmed es permanente, una vez que se implanta permanece en el ojo de manera indefinida.<\/li>\n<li>Es esencial seguir las indicaciones de tu oftalm\u00f3logo, las cuales incluir\u00e1n el uso de medicamentos antiinflamatorios y antibi\u00f3ticos en forma de gotas<\/li>\n<\/ul>\n<p>[\/et_pb_blurb][\/et_pb_column][et_pb_column type=&#8221;1_2&#8243; _builder_version=&#8221;4.24.2&#8243; _module_preset=&#8221;default&#8221; background_image=&#8221;https:\/\/curielvision.com\/wp-content\/uploads\/2024\/03\/Valvula-de-Ahmed-para-Glaucoma-min-scaled.jpg&#8221; hover_enabled=&#8221;0&#8243; global_colors_info=&#8221;{}&#8221; alt=&#8221;Va\u0301lvula de Ahmed para Glaucoma&#8221; title_text=&#8221;Va\u0301lvula de Ahmed para Glaucoma&#8221; sticky_enabled=&#8221;0&#8243;][et_pb_divider show_divider=&#8221;off&#8221; disabled_on=&#8221;off|off|off&#8221; _builder_version=&#8221;4.24.2&#8243; _module_preset=&#8221;default&#8221; height=&#8221;535px&#8221; global_colors_info=&#8221;{}&#8221;][\/et_pb_divider][\/et_pb_column][\/et_pb_row][\/et_pb_section][et_pb_section fb_built=&#8221;1&#8243; custom_padding_last_edited=&#8221;on|phone&#8221; _builder_version=&#8221;4.24.2&#8243; _module_preset=&#8221;default&#8221; background_color=&#8221;#0c71c3&#8243; custom_padding=&#8221;100px||100px||false|false&#8221; custom_padding_tablet=&#8221;100px||100px||false|false&#8221; custom_padding_phone=&#8221;30px||30px||false|false&#8221; global_colors_info=&#8221;{}&#8221;][et_pb_row _builder_version=&#8221;4.24.2&#8243; _module_preset=&#8221;default&#8221; global_colors_info=&#8221;{}&#8221;][et_pb_column type=&#8221;4_4&#8243; _builder_version=&#8221;4.24.2&#8243; _module_preset=&#8221;default&#8221; global_colors_info=&#8221;{}&#8221;][et_pb_video src=&#8221;https:\/\/curielvision.com\/wp-content\/uploads\/2024\/06\/Valvula-de-Ahmed.mp4&#8243; image_src=&#8221;http:\/\/3jr.6fa.mytemp.website\/wp-content\/uploads\/2024\/06\/Screen-Shot-2024-06-12-at-12.18.10.png&#8221; _builder_version=&#8221;4.24.2&#8243; _module_preset=&#8221;default&#8221; hover_enabled=&#8221;0&#8243; global_colors_info=&#8221;{}&#8221; sticky_enabled=&#8221;0&#8243; title_text=&#8221;Va\u0301lvula de Ahmed&#8221;][\/et_pb_video][\/et_pb_column][\/et_pb_row][\/et_pb_section]<\/p>\n","protected":false},"excerpt":{"rendered":"<p>V\u00e1lvula de Ahmed para GlaucomaTratamiento quir\u00fargico para el glaucoma, se coloca una v\u00e1lvula de Ahmed la cual drena adecuadamente el humor acuoso para disminuir la presi\u00f3n del ojo que da\u00f1a el nervio \u00f3pticoTiempo de Procedimiento: 40 minutosProcedimiento ambulatorioAnestesia T\u00f3picaRecuperaci\u00f3n: 2-3 d\u00edasSeguimiento M\u00e9dico 24\/7\u00bfCu\u00e1les son los puntos importantes de este procedimiento? Pacientes con glaucomas secundarios y [&hellip;]<\/p>\n","protected":false},"author":2,"featured_media":0,"parent":291,"menu_order":0,"comment_status":"closed","ping_status":"closed","template":"","meta":{"_et_pb_use_builder":"on","_et_pb_old_content":"<!-- wp:divi\/placeholder \/-->","_et_gb_content_width":"","_monsterinsights_skip_tracking":false,"_monsterinsights_sitenote_active":false,"_monsterinsights_sitenote_note":"","_monsterinsights_sitenote_category":0,"_uf_show_specific_survey":0,"_uf_disable_surveys":false,"footnotes":""},"class_list":["post-626","page","type-page","status-publish","hentry"],"yoast_head":"<!-- This site is optimized with the Yoast SEO plugin v27.4 - https:\/\/yoast.com\/product\/yoast-seo-wordpress\/ -->\n<title>V\u00e1lvula de Ahmed para Glaucoma - Curiel Vision Center Mexicali<\/title>\n<meta name=\"description\" content=\"Tratamiento quir\u00fargico para el glaucoma, se coloca una v\u00e1lvula de Ahmed la cual drena adecuadamente el humor acuoso para disminuir la presi\u00f3n del ojo que da\u00f1a el nervio \u00f3ptico\" \/>\n<meta name=\"robots\" content=\"index, follow, max-snippet:-1, max-image-preview:large, max-video-preview:-1\" \/>\n<link rel=\"canonical\" href=\"https:\/\/curielvision.com\/es\/procedimientos\/valvula-de-ahmed-para-glaucoma\/\" \/>\n<meta property=\"og:locale\" content=\"es_MX\" \/>\n<meta property=\"og:type\" content=\"article\" \/>\n<meta property=\"og:title\" content=\"V\u00e1lvula de Ahmed para Glaucoma - Curiel Vision Center Mexicali\" \/>\n<meta property=\"og:description\" content=\"Tratamiento quir\u00fargico para el glaucoma, se coloca una v\u00e1lvula de Ahmed la cual drena adecuadamente el humor acuoso para disminuir la presi\u00f3n del ojo que da\u00f1a el nervio \u00f3ptico\" \/>\n<meta property=\"og:url\" content=\"https:\/\/curielvision.com\/es\/procedimientos\/valvula-de-ahmed-para-glaucoma\/\" \/>\n<meta property=\"og:site_name\" content=\"Curiel Vision\" \/>\n<meta property=\"article:publisher\" content=\"https:\/\/www.facebook.com\/CurielVisionCenter\" \/>\n<meta property=\"article:modified_time\" content=\"2025-09-13T18:01:31+00:00\" \/>\n<meta name=\"twitter:card\" content=\"summary_large_image\" \/>\n<meta name=\"twitter:label1\" content=\"Tiempo de lectura\" \/>\n\t<meta name=\"twitter:data1\" content=\"1 minuto\" \/>\n<script type=\"application\/ld+json\" class=\"yoast-schema-graph\">{\"@context\":\"https:\\\/\\\/schema.org\",\"@graph\":[{\"@type\":\"WebPage\",\"@id\":\"https:\\\/\\\/curielvision.com\\\/es\\\/procedimientos\\\/valvula-de-ahmed-para-glaucoma\\\/\",\"url\":\"https:\\\/\\\/curielvision.com\\\/es\\\/procedimientos\\\/valvula-de-ahmed-para-glaucoma\\\/\",\"name\":\"V\u00e1lvula de Ahmed para Glaucoma - Curiel Vision Center Mexicali\",\"isPartOf\":{\"@id\":\"https:\\\/\\\/curielvision.com\\\/es\\\/#website\"},\"datePublished\":\"2024-04-15T18:44:42+00:00\",\"dateModified\":\"2025-09-13T18:01:31+00:00\",\"description\":\"Tratamiento quir\u00fargico para el glaucoma, se coloca una v\u00e1lvula de Ahmed la cual drena adecuadamente el humor acuoso para disminuir la presi\u00f3n del ojo que da\u00f1a el nervio \u00f3ptico\",\"breadcrumb\":{\"@id\":\"https:\\\/\\\/curielvision.com\\\/es\\\/procedimientos\\\/valvula-de-ahmed-para-glaucoma\\\/#breadcrumb\"},\"inLanguage\":\"es\",\"potentialAction\":[{\"@type\":\"ReadAction\",\"target\":[\"https:\\\/\\\/curielvision.com\\\/es\\\/procedimientos\\\/valvula-de-ahmed-para-glaucoma\\\/\"]}]},{\"@type\":\"BreadcrumbList\",\"@id\":\"https:\\\/\\\/curielvision.com\\\/es\\\/procedimientos\\\/valvula-de-ahmed-para-glaucoma\\\/#breadcrumb\",\"itemListElement\":[{\"@type\":\"ListItem\",\"position\":1,\"name\":\"Home\",\"item\":\"https:\\\/\\\/curielvision.com\\\/es\\\/\"},{\"@type\":\"ListItem\",\"position\":2,\"name\":\"Procedimientos\",\"item\":\"https:\\\/\\\/curielvision.com\\\/es\\\/procedimientos\\\/\"},{\"@type\":\"ListItem\",\"position\":3,\"name\":\"V\u00e1lvula de Ahmed para Glaucoma\"}]},{\"@type\":\"WebSite\",\"@id\":\"https:\\\/\\\/curielvision.com\\\/es\\\/#website\",\"url\":\"https:\\\/\\\/curielvision.com\\\/es\\\/\",\"name\":\"Curiel Vision Center\",\"description\":\"\",\"publisher\":{\"@id\":\"https:\\\/\\\/curielvision.com\\\/es\\\/#organization\"},\"potentialAction\":[{\"@type\":\"SearchAction\",\"target\":{\"@type\":\"EntryPoint\",\"urlTemplate\":\"https:\\\/\\\/curielvision.com\\\/es\\\/?s={search_term_string}\"},\"query-input\":{\"@type\":\"PropertyValueSpecification\",\"valueRequired\":true,\"valueName\":\"search_term_string\"}}],\"inLanguage\":\"es\"},{\"@type\":\"Organization\",\"@id\":\"https:\\\/\\\/curielvision.com\\\/es\\\/#organization\",\"name\":\"Curiel Vision Center\",\"url\":\"https:\\\/\\\/curielvision.com\\\/es\\\/\",\"logo\":{\"@type\":\"ImageObject\",\"inLanguage\":\"es\",\"@id\":\"https:\\\/\\\/curielvision.com\\\/es\\\/#\\\/schema\\\/logo\\\/image\\\/\",\"url\":\"http:\\\/\\\/3jr.6fa.mytemp.website\\\/wp-content\\\/uploads\\\/2024\\\/06\\\/Curiel_Logo_horizontal.png\",\"contentUrl\":\"http:\\\/\\\/3jr.6fa.mytemp.website\\\/wp-content\\\/uploads\\\/2024\\\/06\\\/Curiel_Logo_horizontal.png\",\"width\":3864,\"height\":1532,\"caption\":\"Curiel Vision Center\"},\"image\":{\"@id\":\"https:\\\/\\\/curielvision.com\\\/es\\\/#\\\/schema\\\/logo\\\/image\\\/\"},\"sameAs\":[\"https:\\\/\\\/www.facebook.com\\\/CurielVisionCenter\"]}]}<\/script>\n<!-- \/ Yoast SEO plugin. -->","yoast_head_json":{"title":"V\u00e1lvula de Ahmed para Glaucoma - Curiel Vision Center Mexicali","description":"Tratamiento quir\u00fargico para el glaucoma, se coloca una v\u00e1lvula de Ahmed la cual drena adecuadamente el humor acuoso para disminuir la presi\u00f3n del ojo que da\u00f1a el nervio \u00f3ptico","robots":{"index":"index","follow":"follow","max-snippet":"max-snippet:-1","max-image-preview":"max-image-preview:large","max-video-preview":"max-video-preview:-1"},"canonical":"https:\/\/curielvision.com\/es\/procedimientos\/valvula-de-ahmed-para-glaucoma\/","og_locale":"es_MX","og_type":"article","og_title":"V\u00e1lvula de Ahmed para Glaucoma - Curiel Vision Center Mexicali","og_description":"Tratamiento quir\u00fargico para el glaucoma, se coloca una v\u00e1lvula de Ahmed la cual drena adecuadamente el humor acuoso para disminuir la presi\u00f3n del ojo que da\u00f1a el nervio \u00f3ptico","og_url":"https:\/\/curielvision.com\/es\/procedimientos\/valvula-de-ahmed-para-glaucoma\/","og_site_name":"Curiel Vision","article_publisher":"https:\/\/www.facebook.com\/CurielVisionCenter","article_modified_time":"2025-09-13T18:01:31+00:00","twitter_card":"summary_large_image","twitter_misc":{"Tiempo de lectura":"1 minuto"},"schema":{"@context":"https:\/\/schema.org","@graph":[{"@type":"WebPage","@id":"https:\/\/curielvision.com\/es\/procedimientos\/valvula-de-ahmed-para-glaucoma\/","url":"https:\/\/curielvision.com\/es\/procedimientos\/valvula-de-ahmed-para-glaucoma\/","name":"V\u00e1lvula de Ahmed para Glaucoma - Curiel Vision Center Mexicali","isPartOf":{"@id":"https:\/\/curielvision.com\/es\/#website"},"datePublished":"2024-04-15T18:44:42+00:00","dateModified":"2025-09-13T18:01:31+00:00","description":"Tratamiento quir\u00fargico para el glaucoma, se coloca una v\u00e1lvula de Ahmed la cual drena adecuadamente el humor acuoso para disminuir la presi\u00f3n del ojo que da\u00f1a el nervio \u00f3ptico","breadcrumb":{"@id":"https:\/\/curielvision.com\/es\/procedimientos\/valvula-de-ahmed-para-glaucoma\/#breadcrumb"},"inLanguage":"es","potentialAction":[{"@type":"ReadAction","target":["https:\/\/curielvision.com\/es\/procedimientos\/valvula-de-ahmed-para-glaucoma\/"]}]},{"@type":"BreadcrumbList","@id":"https:\/\/curielvision.com\/es\/procedimientos\/valvula-de-ahmed-para-glaucoma\/#breadcrumb","itemListElement":[{"@type":"ListItem","position":1,"name":"Home","item":"https:\/\/curielvision.com\/es\/"},{"@type":"ListItem","position":2,"name":"Procedimientos","item":"https:\/\/curielvision.com\/es\/procedimientos\/"},{"@type":"ListItem","position":3,"name":"V\u00e1lvula de Ahmed para Glaucoma"}]},{"@type":"WebSite","@id":"https:\/\/curielvision.com\/es\/#website","url":"https:\/\/curielvision.com\/es\/","name":"Curiel Vision Center","description":"","publisher":{"@id":"https:\/\/curielvision.com\/es\/#organization"},"potentialAction":[{"@type":"SearchAction","target":{"@type":"EntryPoint","urlTemplate":"https:\/\/curielvision.com\/es\/?s={search_term_string}"},"query-input":{"@type":"PropertyValueSpecification","valueRequired":true,"valueName":"search_term_string"}}],"inLanguage":"es"},{"@type":"Organization","@id":"https:\/\/curielvision.com\/es\/#organization","name":"Curiel Vision Center","url":"https:\/\/curielvision.com\/es\/","logo":{"@type":"ImageObject","inLanguage":"es","@id":"https:\/\/curielvision.com\/es\/#\/schema\/logo\/image\/","url":"http:\/\/3jr.6fa.mytemp.website\/wp-content\/uploads\/2024\/06\/Curiel_Logo_horizontal.png","contentUrl":"http:\/\/3jr.6fa.mytemp.website\/wp-content\/uploads\/2024\/06\/Curiel_Logo_horizontal.png","width":3864,"height":1532,"caption":"Curiel Vision Center"},"image":{"@id":"https:\/\/curielvision.com\/es\/#\/schema\/logo\/image\/"},"sameAs":["https:\/\/www.facebook.com\/CurielVisionCenter"]}]}},"_links":{"self":[{"href":"https:\/\/curielvision.com\/es\/wp-json\/wp\/v2\/pages\/626","targetHints":{"allow":["GET"]}}],"collection":[{"href":"https:\/\/curielvision.com\/es\/wp-json\/wp\/v2\/pages"}],"about":[{"href":"https:\/\/curielvision.com\/es\/wp-json\/wp\/v2\/types\/page"}],"author":[{"embeddable":true,"href":"https:\/\/curielvision.com\/es\/wp-json\/wp\/v2\/users\/2"}],"replies":[{"embeddable":true,"href":"https:\/\/curielvision.com\/es\/wp-json\/wp\/v2\/comments?post=626"}],"version-history":[{"count":3,"href":"https:\/\/curielvision.com\/es\/wp-json\/wp\/v2\/pages\/626\/revisions"}],"predecessor-version":[{"id":1495,"href":"https:\/\/curielvision.com\/es\/wp-json\/wp\/v2\/pages\/626\/revisions\/1495"}],"up":[{"embeddable":true,"href":"https:\/\/curielvision.com\/es\/wp-json\/wp\/v2\/pages\/291"}],"wp:attachment":[{"href":"https:\/\/curielvision.com\/es\/wp-json\/wp\/v2\/media?parent=626"}],"curies":[{"name":"wp","href":"https:\/\/api.w.org\/{rel}","templated":true}]}}